	
{"id":62,"date":"2012-04-27T17:18:30","date_gmt":"2012-04-27T17:18:30","guid":{"rendered":"http:\/\/avnode-net.dev.flyer.it\/?page_id=62"},"modified":"2012-10-30T12:54:42","modified_gmt":"2012-10-30T12:54:42","slug":"playlists-import","status":"publish","type":"page","link":"https:\/\/cms.avnode.net\/hu\/online-help\/playlists-import\/","title":{"rendered":"Playlist import\u00e1l\u00e1s"},"content":{"rendered":"<p><\/p>\n<p>Ezen az oldalon import\u00e1lni tudod a FLxER playlist-eket.<\/p>\n<p>A playlist .xml f\u00e1jlodat a &#8220;playlist&#8221; mapp\u00e1ban tal\u00e1lod.<\/p>\n<p>A f\u00e1jl felt\u00f6lt\u00e9se ut\u00e1n a rendszer megkeresi a playlist-ben a f\u00e1jlokat.<\/p>\n<p>A playlist felt\u00f6lt\u00e9s\u00e9nek sorrendj\u00e9ben a rendszer megtal\u00e1l kevesebb 5 vide\u00f3t.<\/p>\n<p><\/p>","protected":false},"excerpt":{"rendered":"<p>Ezen az oldalon import\u00e1lni tudod a FLxER playlist-eket. A playlist .xml f\u00e1jlodat a &#8220;playlist&#8221; mapp\u00e1ban tal\u00e1lod. A f\u00e1jl felt\u00f6lt\u00e9se ut\u00e1n a rendszer megkeresi a playlist-ben a f\u00e1jlokat. A playlist felt\u00f6lt\u00e9s\u00e9nek sorrendj\u00e9ben a rendszer megtal\u00e1l kevesebb 5 vide\u00f3t.<\/p>\n","protected":false},"author":1,"featured_media":0,"parent":2,"menu_order":52,"comment_status":"closed","ping_status":"closed","template":"","meta":[],"post_title":null,"featured":null,"_wp_page_template":null,"_links":{"self":[{"href":"https:\/\/cms.avnode.net\/hu\/wp-json\/wp\/v2\/pages\/62"}],"collection":[{"href":"https:\/\/cms.avnode.net\/hu\/wp-json\/wp\/v2\/pages"}],"about":[{"href":"https:\/\/cms.avnode.net\/hu\/wp-json\/wp\/v2\/types\/page"}],"author":[{"embeddable":true,"href":"https:\/\/cms.avnode.net\/hu\/wp-json\/wp\/v2\/users\/1"}],"replies":[{"embeddable":true,"href":"https:\/\/cms.avnode.net\/hu\/wp-json\/wp\/v2\/comments?post=62"}],"version-history":[{"count":0,"href":"https:\/\/cms.avnode.net\/hu\/wp-json\/wp\/v2\/pages\/62\/revisions"}],"up":[{"embeddable":true,"href":"https:\/\/cms.avnode.net\/hu\/wp-json\/wp\/v2\/pages\/2"}],"wp:attachment":[{"href":"https:\/\/cms.avnode.net\/hu\/wp-json\/wp\/v2\/media?parent=62"}],"curies":[{"name":"wp","href":"https:\/\/api.w.org\/{rel}","templated":true}]}}