	
{"id":624,"date":"2025-03-27T22:20:42","date_gmt":"2025-03-27T22:20:42","guid":{"rendered":"https:\/\/cms.avnode.net\/?page_id=624"},"modified":"2025-07-03T10:46:34","modified_gmt":"2025-07-03T10:46:34","slug":"cookie-policy","status":"publish","type":"page","link":"https:\/\/cms.avnode.net\/hu\/cookie-policy\/","title":{"rendered":"Cookie Policy"},"content":{"rendered":"<p class=\"qtranxs-available-languages-message qtranxs-available-languages-message-hu\">Sajnos ennek a bejegyz\u00e9snek csak <a href=\"https:\/\/cms.avnode.net\/en\/wp-json\/wp\/v2\/pages\/624\" class=\"qtranxs-available-language-link qtranxs-available-language-link-en\" title=\"English\">Amerikai Angol<\/a> \u00e9s <a href=\"https:\/\/cms.avnode.net\/it\/wp-json\/wp\/v2\/pages\/624\" class=\"qtranxs-available-language-link qtranxs-available-language-link-it\" title=\"Italiano\">Olasz<\/a> nyelv\u0171 v\u00e1ltozata van.<\/p>","protected":false},"excerpt":{"rendered":"<p>Sajnos ennek a bejegyz\u00e9snek csak Amerikai Angol \u00e9s Olasz nyelv\u0171 v\u00e1ltozata van.<\/p>\n","protected":false},"author":1,"featured_media":0,"parent":0,"menu_order":0,"comment_status":"closed","ping_status":"closed","template":"","meta":[],"post_title":null,"featured":null,"_wp_page_template":null,"_links":{"self":[{"href":"https:\/\/cms.avnode.net\/hu\/wp-json\/wp\/v2\/pages\/624"}],"collection":[{"href":"https:\/\/cms.avnode.net\/hu\/wp-json\/wp\/v2\/pages"}],"about":[{"href":"https:\/\/cms.avnode.net\/hu\/wp-json\/wp\/v2\/types\/page"}],"author":[{"embeddable":true,"href":"https:\/\/cms.avnode.net\/hu\/wp-json\/wp\/v2\/users\/1"}],"replies":[{"embeddable":true,"href":"https:\/\/cms.avnode.net\/hu\/wp-json\/wp\/v2\/comments?post=624"}],"version-history":[{"count":3,"href":"https:\/\/cms.avnode.net\/hu\/wp-json\/wp\/v2\/pages\/624\/revisions"}],"predecessor-version":[{"id":642,"href":"https:\/\/cms.avnode.net\/hu\/wp-json\/wp\/v2\/pages\/624\/revisions\/642"}],"wp:attachment":[{"href":"https:\/\/cms.avnode.net\/hu\/wp-json\/wp\/v2\/media?parent=624"}],"curies":[{"name":"wp","href":"https:\/\/api.w.org\/{rel}","templated":true}]}}