	
{"id":15,"date":"2012-04-27T17:18:30","date_gmt":"2012-04-27T17:18:30","guid":{"rendered":"http:\/\/avnode-net.dev.flyer.it\/?page_id=15"},"modified":"2012-08-28T21:58:07","modified_gmt":"2012-08-28T21:58:07","slug":"guidelines","status":"publish","type":"page","link":"https:\/\/cms.avnode.net\/it\/site-contents\/guidelines\/","title":{"rendered":"Linee guida"},"content":{"rendered":"<p><\/p>\n<h3>Rispetta la community<\/h3>\n<p>Non pretendiamo il tipo di rispetto riservato a suore, anziani e neurochirurghi. Desideriamo soltanto che non venga fatto cattivo uso del sito. Ogni nuova fantastica funzionalit\u00e0 della community su Flyer prevede un determinato livello di responsabilit\u00e0. Confidiamo che tu sia responsabile: milioni di utenti rispettano la nostra fiducia, quindi cerca di essere uno di loro.<\/p>\n<h3 class=\"top20\">Rivediamo i video segnalati come non appropriati<\/h3>\n<p>Ok, questo riguarda pi\u00f9 noi che te. Quando un video \u00e8 segnalato come non appropriato, lo passiamo in rassegna per stabilire se v\u00ecoli i nostri Termini e condizioni d&#8217;utilizzo: i video segnalati non vengono automaticamente rimossi dal sistema. Se rimuoviamo un tuo video dopo averlo esaminato, puoi stare certo che l&#8217;abbiamo fatto intenzionalmente; prendi quindi molto seriamente il nostro avvertimento. Fai un respiro profondo, leggi i nostri Termini (link) e mettiti nei panni di chi sta dall&#8217;altra parte, cio\u00e8 noi. Se trovi altri video su Flyer che presentano le stesse violazioni, segnalali, cos\u00ec potremo passare in rassegna anche quelli!<\/p>\n<h3 class=\"top20\">Non oltrepassare il limite<\/h3>\n<p>Ecco alcune regole di buon senso che ti permettono di stare lontano dai guai.<\/p>\n<ul>\n<li>Flyer \u00e8 contro la pornografia o i contenuti sessualmente espliciti. Se il tuo video appartiene a una di queste categorie, anche se \u00e8 un video di te stesso, non pubblicarlo su Flyer.<\/li>\n<li>Non pubblicare video che mostrano brutte cose, come il maltrattamento di animali, l&#8217;uso di droghe o la fabbricazione di bombe.<\/li>\n<li>Non \u00e8 permessa alcuna forma di violenza evidente o gratuita. Se il video mostra persone che vengono ferite, aggredite o umiliate, non pubblicarlo.<\/li>\n<li>Flyer non \u00e8 un sito shock. Non pubblicare video disgustosi di incidenti, persone morte e altri soggetti simili.<\/li>\n<li>Rispetta il copyright. Carica soltanto video realizzati da te o che sei autorizzato a utilizzare. Ci\u00f2 significa che non devi caricare video non realizzati da te o utilizzare nei tuoi video dei contenuti il cui copyright \u00e8 di qualcun altro, ad esempio brani musicali, parti di programmi protetti da copyright o video realizzati da altri utenti, senza le necessarie autorizzazioni.<\/li>\n<li>Noi incoraggiamo la libert\u00e0 di parola e difendiamo il diritto di ognuno di esprimere i propri punti di vista, anche se mal graditi. Tuttavia \u00e8 vietato l&#8217;incitamento all&#8217;odio (linguaggio che attacchi o umilii un gruppo in base a razza o origine etnica, religione, disabilit\u00e0\/invalidit\u00e0, sesso, et\u00e0, condizione di veterano o orientamento\/identit\u00e0 sessuale).<\/li>\n<li>Non sono assolutamente tollerati comportamenti sleali o che infastidiscono altri utenti, minacce, molestie, violazioni della privacy o la rivelazione di informazioni personali di altri membri. A chiunque assuma tali comportamenti potrebbe essere definitivamente vietato l&#8217;accesso a Flyer.<\/li>\n<li>Tutti odiano lo spam. Non creare descrizioni, tag, miniature o titoli ambigui nel tentativo di aumentare le visualizzazioni. Non \u00e8 corretto pubblicare grosse quantit\u00e0 di contenuti non mirati, indesiderati o ripetitivi, inclusi commenti e messaggi privati.<\/li>\n<\/ul>\n<p>Prendi seriamente queste regole e seguile. Non provare a cercare delle scappatoie o ad aggirare le regole; cerca solo di capirle e di rispettare lo spirito con cui sono state create. Le violazioni dei Termini e condizioni d&#8217;uso potrebbero causare l&#8217;invio di un avvertimento o la sospensione del tuo account. <strong>Se il tuo account viene sospeso, non ti \u00e8 permesso crearne un altro.<\/strong><\/p>\n<p>Ricorda che questa \u00e8 la tua community! Ogni utente di Flyer partecipa a rendere il sito quello che \u00e8, quindi non avere paura di esplorarlo e di essere coinvolto.<\/p>\n<ul>\n<li><strong>Divertiti sul sito.<\/strong> C&#8217;\u00e8 cos\u00ec tanto da vedere, e cos\u00ec tanti utenti che creano cose incredibili! E uno di loro potresti essere tu! Per di pi\u00f9 le attrezzature diventano sempre pi\u00f9 economiche e facili da usare, quindi buttati a capofitto e buon divertimento!<\/li>\n<li><strong>Esprimi le tue opinioni con la gente.<\/strong> Le risposte scambiate con gli altri entrano a far parte della tua esperienza e, se espresse con buone maniere e rispetto, possono essere un ottimo modo per farti degli amici, condividere storie e arricchire il tempo che trascorri su Flyer. Quindi lascia commenti, vota i video, crea dei video di risposta ai video che ti colpiscono, partecipa alle iniziative.<\/li>\n<li><strong>Potrebbe non piacerti tutto ci\u00f2 che vedi.<\/strong> Parte del contenuto trattato in questa sede potrebbe risultare offensivo\u2014se credi che v\u00ecoli i nostri termini e condizioni d&#8217;utilizzo, fai clic su &#8220;Report abuse&#8221; al di sotto del Contenuto che stai guardando, per sottoporlo a revisione dallo staff di Flyer. Se non lo \u00e8, allora fai clic su qualcos&#8217;altro. Perch\u00e9 sprecare il tempo per guardare video che non ti piacciono?<\/li>\n<\/ul>\n<p>Questo \u00e8 tutto. Grazie per l&#8217;attenzione.<\/p>\n<p><\/p>","protected":false},"excerpt":{"rendered":"<p>Rispetta la community Non pretendiamo il tipo di rispetto riservato a suore, anziani e neurochirurghi. Desideriamo soltanto che non venga fatto cattivo uso del sito. Ogni nuova fantastica funzionalit\u00e0 della community su Flyer prevede un determinato livello di responsabilit\u00e0. Confidiamo che tu sia responsabile: milioni di utenti rispettano la nostra fiducia, quindi cerca di essere [&hellip;]<\/p>\n","protected":false},"author":1,"featured_media":0,"parent":202,"menu_order":4,"comment_status":"closed","ping_status":"closed","template":"","meta":[],"post_title":null,"featured":null,"_wp_page_template":null,"_links":{"self":[{"href":"https:\/\/cms.avnode.net\/it\/wp-json\/wp\/v2\/pages\/15"}],"collection":[{"href":"https:\/\/cms.avnode.net\/it\/wp-json\/wp\/v2\/pages"}],"about":[{"href":"https:\/\/cms.avnode.net\/it\/wp-json\/wp\/v2\/types\/page"}],"author":[{"embeddable":true,"href":"https:\/\/cms.avnode.net\/it\/wp-json\/wp\/v2\/users\/1"}],"replies":[{"embeddable":true,"href":"https:\/\/cms.avnode.net\/it\/wp-json\/wp\/v2\/comments?post=15"}],"version-history":[{"count":0,"href":"https:\/\/cms.avnode.net\/it\/wp-json\/wp\/v2\/pages\/15\/revisions"}],"up":[{"embeddable":true,"href":"https:\/\/cms.avnode.net\/it\/wp-json\/wp\/v2\/pages\/202"}],"wp:attachment":[{"href":"https:\/\/cms.avnode.net\/it\/wp-json\/wp\/v2\/media?parent=15"}],"curies":[{"name":"wp","href":"https:\/\/api.w.org\/{rel}","templated":true}]}}