	
{"id":608,"date":"2018-09-05T23:06:24","date_gmt":"2018-09-05T23:06:24","guid":{"rendered":"https:\/\/cms.avnode.net\/?page_id=608"},"modified":"2025-07-03T10:43:00","modified_gmt":"2025-07-03T10:43:00","slug":"privacy-policy","status":"publish","type":"page","link":"https:\/\/cms.avnode.net\/it\/privacy-policy\/","title":{"rendered":"Privacy Policy"},"content":{"rendered":"<p>Lo scopo della presente Informativa sulla Privacy \u00e8 descrivere le modalit\u00e0 di gestione di questo sito web, con riferimento al trattamento dei dati personali dei visitatori.<\/p>\n<p>Le informazioni sono fornite anche ai sensi dell\u2019articolo 13 del Regolamento Europeo 679\/2016 (GDPR).<\/p>\n<p>Il sito \u00e8 di propriet\u00e0 ed \u00e8 gestito da Flyer Srl Impresa Sociale, che garantisce il rispetto della normativa in materia di protezione dei dati personali.<\/p>\n<p>&nbsp;<\/p>\n<h2><strong>Titolare e Responsabile del Trattamento<\/strong><\/h2>\n<p>La consultazione di questo sito da parte dell\u2019utente comporta l\u2019acquisizione di informazioni aventi natura di dati personali. A tal fine, il Titolare del trattamento dei dati personali forniti \u00e8:<\/p>\n<p><strong>Flyer Srl Impresa Sociale<\/strong>, P.IVA IT06589171005, Via Cardinal De Luca 10, Roma.<\/p>\n<p>All\u2019interno di Flyer Srl Impresa Sociale, i dati personali raccolti sono trattati da dipendenti incaricati, che operano secondo istruzioni e indicazioni specifiche ricevute.<\/p>\n<p>&nbsp;<\/p>\n<h2><strong>Cosa si intende per dati personali e trattamento di dati personali<\/strong><\/h2>\n<p>Il trattamento di dati personali consiste in qualsiasi operazione o insieme di operazioni, effettuate anche senza l\u2019ausilio di strumenti elettronici, concernenti la raccolta, registrazione, organizzazione, conservazione, consultazione, elaborazione, modifica, selezione, estrazione, raffronto, utilizzo, interconnessione, blocco, comunicazione, diffusione, cancellazione e distruzione di dati, anche se non registrati in una banca dati.<\/p>\n<p>&nbsp;<\/p>\n<h2><strong>Tipologia di dati trattati e finalit\u00e0 del trattamento<\/strong><\/h2>\n<ul>\n<li><strong>Dati identificativi personali<\/strong>: nome, indirizzo email, numero di telefono, ecc.<\/li>\n<li><strong>Dati di utilizzo<\/strong>: informazioni sull\u2019uso del sito, come pagine visitate, video visualizzati e altre interazioni.<\/li>\n<li><strong>Dati tecnici<\/strong>: indirizzo IP, tipo di browser, sistema operativo e altre tecnologie dei dispositivi usati per accedere al sito.<\/li>\n<\/ul>\n<h4><strong>1) Dati di navigazione<\/strong><\/h4>\n<p>I sistemi informatici e le procedure software preposte al funzionamento di questo sito acquisiscono, nel corso del loro normale esercizio, alcuni dati personali la cui trasmissione \u00e8 implicita nell\u2019uso dei protocolli di comunicazione di Internet. Tali informazioni non sono raccolte per essere associate a interessati identificati, ma per loro stessa natura potrebbero permettere di identificare gli utenti attraverso elaborazioni ed associazioni con dati detenuti da terzi.<br \/>\nTutte le nostre attivit\u00e0 si svolgono secondo principi etici rigorosi e ci impegniamo a tutelare la privacy di tutti i visitatori del nostro sito. Per questo motivo, la modalit\u00e0 di raccolta e conservazione dei dati \u00e8 strettamente connessa all\u2019uso che viene fatto del sito e dei servizi correlati.<\/p>\n<h4><strong>2) Dati forniti volontariamente dagli utenti\/visitatori<\/strong><\/h4>\n<p>Se gli utenti\/visitatori, collegandosi a questo sito, inviano propri dati personali per creare un account o pubblicare video e performance artistiche, ci\u00f2 comporta l\u2019acquisizione da parte della societ\u00e0 dell\u2019indirizzo del mittente e\/o di eventuali altri dati personali che saranno trattati esclusivamente per rispondere alla richiesta.<br \/>\nI dati personali forniti dagli utenti\/visitatori saranno comunicati a terzi solo nel caso in cui la comunicazione sia necessaria per soddisfare le richieste degli stessi.<\/p>\n<p>&nbsp;<\/p>\n<h2><strong>Finalit\u00e0 d\u2019uso dei dati raccolti<\/strong><\/h2>\n<p>Come utilizziamo le tue informazioni:<\/p>\n<ul>\n<li>Per fornire e mantenere il nostro servizio.<\/li>\n<li>Per informarti su modifiche ai nostri servizi.<\/li>\n<li>Per permetterti di partecipare alle funzionalit\u00e0 interattive del nostro servizio, se lo desideri.<\/li>\n<li>Per offrire supporto clienti.<\/li>\n<li>Per raccogliere analisi o informazioni utili per migliorare il servizio.<\/li>\n<li>Per monitorare l\u2019utilizzo del sito.<\/li>\n<li>Per individuare, prevenire e risolvere problemi tecnici.<\/li>\n<li>Per inviarti notizie, iniziative speciali e informazioni generali su beni, servizi ed eventi simili a quelli che hai gi\u00e0 utilizzato o per cui hai richiesto informazioni, salvo tua opposizione.<\/li>\n<\/ul>\n<p>&nbsp;<\/p>\n<h2><strong>Categorie di soggetti che possono venire a conoscenza dei dati dell\u2019utente<\/strong><\/h2>\n<p>Oltre ai dipendenti della Societ\u00e0, alcuni trattamenti dei dati personali degli utenti possono essere effettuati anche da terzi, tra cui societ\u00e0 a cui Flyer Srl affida o potr\u00e0 affidare attivit\u00e0 funzionali alla consultazione del sito. Questi soggetti agiranno come Titolari autonomi o come Responsabili del trattamento. In questo secondo caso, il Titolare fornir\u00e0 loro adeguate istruzioni operative, in particolare in merito all\u2019adozione di misure di sicurezza minime per garantire la riservatezza, integrit\u00e0 e sicurezza dei dati.<\/p>\n<p>I dati dell\u2019utente possono inoltre essere comunicati a autorit\u00e0 giudiziarie, amministrative o ad altri enti pubblici autorizzati a richiederli, nei casi previsti dalla legge.<\/p>\n<p>Per perseguire le finalit\u00e0 sopra indicate, Flyer Srl Impresa Sociale potr\u00e0 comunicare e far trattare i tuoi dati personali, anche verso Paesi extra UE, a terzi con cui intrattiene rapporti. A tali soggetti verranno fornite solo le informazioni necessarie per l\u2019erogazione dei servizi richiesti, adottando tutte le misure per proteggere i dati personali (art. 44 GDPR).<\/p>\n<p>I dati personali potranno inoltre essere conosciuti da dipendenti, lavoratori autonomi, collaboratori, consulenti, lavoratori a progetto, temporanei o occasionali, incaricati da Flyer e formalmente designati come Responsabili o Incaricati del trattamento, come ad esempio: personale amministrativo, addetti alla fatturazione e marketing.<\/p>\n<p>&nbsp;<\/p>\n<h2><strong>Diritti degli interessati<\/strong><\/h2>\n<p>In qualit\u00e0 di interessato, ti sono riconosciuti i diritti previsti dagli articoli 15-23 del GDPR, ovvero:<\/p>\n<ul>\n<li>ottenere la conferma dell\u2019esistenza o meno di dati che ti riguardano, anche se non ancora registrati, e la loro comunicazione in forma intelligibile;<\/li>\n<li>ottenere indicazioni su:\n<ol type=\"a\">\n<li>l\u2019origine dei dati personali;<\/li>\n<li>le finalit\u00e0 e modalit\u00e0 del trattamento;<\/li>\n<li>la logica applicata in caso di trattamento effettuato con l\u2019ausilio di strumenti elettronici;<\/li>\n<li>gli estremi identificativi del titolare, dei responsabili e del rappresentante designato;<\/li>\n<li>i soggetti o le categorie di soggetti a cui i dati personali possono essere comunicati o che possono venirne a conoscenza in qualit\u00e0 di rappresentanti designati, responsabili o incaricati;<\/li>\n<\/ol>\n<\/li>\n<li>ottenere:\n<ol type=\"a\">\n<li>l\u2019aggiornamento, la rettificazione o, se vi \u00e8 interesse, l\u2019integrazione dei dati;<\/li>\n<li>la cancellazione, la trasformazione in forma anonima o il blocco dei dati trattati in violazione di legge;<\/li>\n<li>l\u2019attestazione che le operazioni di cui alle lettere a) e b) sono state portate a conoscenza di coloro ai quali i dati sono stati comunicati o diffusi, salvo che ci\u00f2 si riveli impossibile o comporti un impiego di mezzi manifestamente sproporzionato;<\/li>\n<\/ol>\n<\/li>\n<li>opporti, in tutto o in parte:\n<ol type=\"a\">\n<li>per motivi legittimi, al trattamento dei dati personali che ti riguardano, anche se pertinenti allo scopo della raccolta;<\/li>\n<\/ol>\n<\/li>\n<li>hai inoltre il diritto alla portabilit\u00e0 dei dati verso terzi e a proporre reclamo al Garante per la protezione dei dati personali.<\/li>\n<\/ul>\n<p>L\u2019esercizio dei diritti pu\u00f2 avvenire scrivendo via email a: <a href=\"mailto:info@flyer.it\">info@flyer.it<\/a>. In caso di dubbi sulla tua identit\u00e0, potrebbe esserti richiesto un documento identificativo (es. fotocopia di un documento d\u2019identit\u00e0) (art. 17 GDPR).<\/p>\n<p>&nbsp;<\/p>\n<h2><strong>Modifiche alla presente Privacy Policy<\/strong><\/h2>\n<p>Potremmo aggiornare periodicamente la nostra informativa sulla privacy. Ti informeremo pubblicando la nuova versione su questa pagina. Si consiglia di consultare regolarmente questa pagina per eventuali aggiornamenti. Le modifiche hanno effetto dal momento della pubblicazione.<\/p>\n<p>&nbsp;<\/p>\n<p><strong>Contatti<\/strong><\/p>\n<p>Per domande relative alla presente informativa, puoi contattarci:<\/p>\n<ul>\n<li>Per email: <strong><a href=\"mailto:info@flyer.it\">info@flyer.it<\/a><\/strong><\/li>\n<li>Tramite il sito web: <a href=\"https:\/\/flyer.it\/it\/contacts\/\">https:\/\/flyer.it\/it\/contacts\/<\/a><\/li>\n<li>Per telefono: <a href=\"tel:+390678147301\"><strong>+39 06 78147301<\/strong><\/a><\/li>\n<\/ul>\n<p><\/p>","protected":false},"excerpt":{"rendered":"<p>Lo scopo della presente Informativa sulla Privacy \u00e8 descrivere le modalit\u00e0 di gestione di questo sito web, con riferimento al trattamento dei dati personali dei visitatori. Le informazioni sono fornite anche ai sensi dell\u2019articolo 13 del Regolamento Europeo 679\/2016 (GDPR). Il sito \u00e8 di propriet\u00e0 ed \u00e8 gestito da Flyer Srl Impresa Sociale, che garantisce [&hellip;]<\/p>\n","protected":false},"author":1,"featured_media":601,"parent":0,"menu_order":0,"comment_status":"closed","ping_status":"closed","template":"","meta":[],"post_title":null,"featured":null,"_wp_page_template":null,"_links":{"self":[{"href":"https:\/\/cms.avnode.net\/it\/wp-json\/wp\/v2\/pages\/608"}],"collection":[{"href":"https:\/\/cms.avnode.net\/it\/wp-json\/wp\/v2\/pages"}],"about":[{"href":"https:\/\/cms.avnode.net\/it\/wp-json\/wp\/v2\/types\/page"}],"author":[{"embeddable":true,"href":"https:\/\/cms.avnode.net\/it\/wp-json\/wp\/v2\/users\/1"}],"replies":[{"embeddable":true,"href":"https:\/\/cms.avnode.net\/it\/wp-json\/wp\/v2\/comments?post=608"}],"version-history":[{"count":3,"href":"https:\/\/cms.avnode.net\/it\/wp-json\/wp\/v2\/pages\/608\/revisions"}],"predecessor-version":[{"id":641,"href":"https:\/\/cms.avnode.net\/it\/wp-json\/wp\/v2\/pages\/608\/revisions\/641"}],"wp:featuredmedia":[{"embeddable":true,"href":"https:\/\/cms.avnode.net\/it\/wp-json\/wp\/v2\/media\/601"}],"wp:attachment":[{"href":"https:\/\/cms.avnode.net\/it\/wp-json\/wp\/v2\/media?parent=608"}],"curies":[{"name":"wp","href":"https:\/\/api.w.org\/{rel}","templated":true}]}}