	
{"id":104,"date":"2012-08-12T22:29:11","date_gmt":"2012-08-12T22:29:11","guid":{"rendered":"http:\/\/avnode-net.dev.flyer.it\/?page_id=104"},"modified":"2012-10-30T12:59:44","modified_gmt":"2012-10-30T12:59:44","slug":"event-profile","status":"publish","type":"page","link":"https:\/\/cms.avnode.net\/pl\/online-help\/event-profile\/","title":{"rendered":"(English) Event profile"},"content":{"rendered":"<p class=\"qtranxs-available-languages-message qtranxs-available-languages-message-pl\">Przepraszamy, ten wpis jest dost\u0119pny tylko w j\u0119zyku <a href=\"https:\/\/cms.avnode.net\/en\/wp-json\/wp\/v2\/pages\/104\" class=\"qtranxs-available-language-link qtranxs-available-language-link-en\" title=\"English\">Ameryka\u0144ski Angielski<\/a>, <a href=\"https:\/\/cms.avnode.net\/fr\/wp-json\/wp\/v2\/pages\/104\" class=\"qtranxs-available-language-link qtranxs-available-language-link-fr\" title=\"Fran\u00e7ais\">Francuski<\/a>, <a href=\"https:\/\/cms.avnode.net\/it\/wp-json\/wp\/v2\/pages\/104\" class=\"qtranxs-available-language-link qtranxs-available-language-link-it\" title=\"Italiano\">W\u0142oski<\/a>, <a href=\"https:\/\/cms.avnode.net\/hu\/wp-json\/wp\/v2\/pages\/104\" class=\"qtranxs-available-language-link qtranxs-available-language-link-hu\" title=\"Magyar\">W\u0119gierski<\/a> i <a href=\"https:\/\/cms.avnode.net\/gr\/wp-json\/wp\/v2\/pages\/104\" class=\"qtranxs-available-language-link qtranxs-available-language-link-gr\" title=\"Greek\">Greek<\/a>.<\/p>","protected":false},"excerpt":{"rendered":"<p>Przepraszamy, ten wpis jest dost\u0119pny tylko w j\u0119zyku Ameryka\u0144ski Angielski, Francuski, W\u0142oski, W\u0119gierski i Greek.<\/p>\n","protected":false},"author":1,"featured_media":0,"parent":2,"menu_order":57,"comment_status":"open","ping_status":"closed","template":"","meta":[],"post_title":null,"featured":null,"_wp_page_template":null,"_links":{"self":[{"href":"https:\/\/cms.avnode.net\/pl\/wp-json\/wp\/v2\/pages\/104"}],"collection":[{"href":"https:\/\/cms.avnode.net\/pl\/wp-json\/wp\/v2\/pages"}],"about":[{"href":"https:\/\/cms.avnode.net\/pl\/wp-json\/wp\/v2\/types\/page"}],"author":[{"embeddable":true,"href":"https:\/\/cms.avnode.net\/pl\/wp-json\/wp\/v2\/users\/1"}],"replies":[{"embeddable":true,"href":"https:\/\/cms.avnode.net\/pl\/wp-json\/wp\/v2\/comments?post=104"}],"version-history":[{"count":0,"href":"https:\/\/cms.avnode.net\/pl\/wp-json\/wp\/v2\/pages\/104\/revisions"}],"up":[{"embeddable":true,"href":"https:\/\/cms.avnode.net\/pl\/wp-json\/wp\/v2\/pages\/2"}],"wp:attachment":[{"href":"https:\/\/cms.avnode.net\/pl\/wp-json\/wp\/v2\/media?parent=104"}],"curies":[{"name":"wp","href":"https:\/\/api.w.org\/{rel}","templated":true}]}}