	
{"id":11,"date":"2012-04-27T17:18:30","date_gmt":"2012-04-27T17:18:30","guid":{"rendered":"http:\/\/avnode-net.dev.flyer.it\/?page_id=11"},"modified":"2012-10-30T12:38:33","modified_gmt":"2012-10-30T12:38:33","slug":"register-method-selection","status":"publish","type":"page","link":"https:\/\/cms.avnode.net\/pl\/online-help\/register-method-selection\/","title":{"rendered":"Wybierz spos\u00f3b rejestracji"},"content":{"rendered":"<p><\/p>\n<p><strong>Spos\u00f3b 1 (wymaga potwierdzenia przez e-mail)<br \/> <\/strong>Wype\u0142nij formularz swoimi danymi personalnymi i zarejestruj si\u0119.<br \/> To klasyczny spos\u00f3b rejestracji, po wys\u0142aniu formularza otrzymasz e-maila z potwierdzeniem, po czym mo\u017cesz zacz\u0105\u0107 pe\u0142n\u0105 aktualizacj\u0119 swojego profilu. <\/p>\n<p> <strong>Spos\u00f3b 2 (nie wymaga potwierdzenia przez e-mail)<br \/> <\/strong>Rejestracja za pomoc\u0105 subskrypcji do jednej z wymienionych sieci spo\u0142ecznych. Nie mamy dost\u0119pu do Twoich danych osobowych, sie\u0107 spo\u0142eczna daje nam wy\u0142\u0105cznie kilka informacji, kt\u00f3re potwierdzaj\u0105 wa\u017cno\u015b\u0107 e-maila, co umo\u017cliwia Ci natychmiastowe skonfigurowanie swojego profilu.<\/p>\n<p><\/p>","protected":false},"excerpt":{"rendered":"<p>Spos\u00f3b 1 (wymaga potwierdzenia przez e-mail) Wype\u0142nij formularz swoimi danymi personalnymi i zarejestruj si\u0119. To klasyczny spos\u00f3b rejestracji, po wys\u0142aniu formularza otrzymasz e-maila z potwierdzeniem, po czym mo\u017cesz zacz\u0105\u0107 pe\u0142n\u0105 aktualizacj\u0119 swojego profilu. Spos\u00f3b 2 (nie wymaga potwierdzenia przez e-mail) Rejestracja za pomoc\u0105 subskrypcji do jednej z wymienionych sieci spo\u0142ecznych. Nie mamy dost\u0119pu do Twoich [&hellip;]<\/p>\n","protected":false},"author":1,"featured_media":0,"parent":2,"menu_order":26,"comment_status":"closed","ping_status":"closed","template":"","meta":[],"post_title":null,"featured":null,"_wp_page_template":null,"_links":{"self":[{"href":"https:\/\/cms.avnode.net\/pl\/wp-json\/wp\/v2\/pages\/11"}],"collection":[{"href":"https:\/\/cms.avnode.net\/pl\/wp-json\/wp\/v2\/pages"}],"about":[{"href":"https:\/\/cms.avnode.net\/pl\/wp-json\/wp\/v2\/types\/page"}],"author":[{"embeddable":true,"href":"https:\/\/cms.avnode.net\/pl\/wp-json\/wp\/v2\/users\/1"}],"replies":[{"embeddable":true,"href":"https:\/\/cms.avnode.net\/pl\/wp-json\/wp\/v2\/comments?post=11"}],"version-history":[{"count":0,"href":"https:\/\/cms.avnode.net\/pl\/wp-json\/wp\/v2\/pages\/11\/revisions"}],"up":[{"embeddable":true,"href":"https:\/\/cms.avnode.net\/pl\/wp-json\/wp\/v2\/pages\/2"}],"wp:attachment":[{"href":"https:\/\/cms.avnode.net\/pl\/wp-json\/wp\/v2\/media?parent=11"}],"curies":[{"name":"wp","href":"https:\/\/api.w.org\/{rel}","templated":true}]}}