	
{"id":14,"date":"2012-04-27T17:18:30","date_gmt":"2012-04-27T17:18:30","guid":{"rendered":"http:\/\/avnode-net.dev.flyer.it\/?page_id=14"},"modified":"2012-10-30T12:35:18","modified_gmt":"2012-10-30T12:35:18","slug":"password-request","status":"publish","type":"page","link":"https:\/\/cms.avnode.net\/pl\/online-help\/password-request\/","title":{"rendered":"Wymagane has\u0142o"},"content":{"rendered":"<p><\/p>\n<p>Je\u015bli zapomnia\u0142e\u015b has\u0142o, wype\u0142nij formularz <strong>e-mailem podanym przy subskrypcji<\/strong>.<\/p>\n<p> Has\u0142o zostanie wys\u0142ane na ten sam adres e-mail.<\/p>\n<p><\/p>","protected":false},"excerpt":{"rendered":"<p>Je\u015bli zapomnia\u0142e\u015b has\u0142o, wype\u0142nij formularz e-mailem podanym przy subskrypcji. Has\u0142o zostanie wys\u0142ane na ten sam adres e-mail.<\/p>\n","protected":false},"author":1,"featured_media":0,"parent":2,"menu_order":21,"comment_status":"closed","ping_status":"closed","template":"","meta":[],"post_title":null,"featured":null,"_wp_page_template":null,"_links":{"self":[{"href":"https:\/\/cms.avnode.net\/pl\/wp-json\/wp\/v2\/pages\/14"}],"collection":[{"href":"https:\/\/cms.avnode.net\/pl\/wp-json\/wp\/v2\/pages"}],"about":[{"href":"https:\/\/cms.avnode.net\/pl\/wp-json\/wp\/v2\/types\/page"}],"author":[{"embeddable":true,"href":"https:\/\/cms.avnode.net\/pl\/wp-json\/wp\/v2\/users\/1"}],"replies":[{"embeddable":true,"href":"https:\/\/cms.avnode.net\/pl\/wp-json\/wp\/v2\/comments?post=14"}],"version-history":[{"count":0,"href":"https:\/\/cms.avnode.net\/pl\/wp-json\/wp\/v2\/pages\/14\/revisions"}],"up":[{"embeddable":true,"href":"https:\/\/cms.avnode.net\/pl\/wp-json\/wp\/v2\/pages\/2"}],"wp:attachment":[{"href":"https:\/\/cms.avnode.net\/pl\/wp-json\/wp\/v2\/media?parent=14"}],"curies":[{"name":"wp","href":"https:\/\/api.w.org\/{rel}","templated":true}]}}