	
{"id":15,"date":"2012-04-27T17:18:30","date_gmt":"2012-04-27T17:18:30","guid":{"rendered":"http:\/\/avnode-net.dev.flyer.it\/?page_id=15"},"modified":"2012-08-28T21:58:07","modified_gmt":"2012-08-28T21:58:07","slug":"guidelines","status":"publish","type":"page","link":"https:\/\/cms.avnode.net\/pl\/site-contents\/guidelines\/","title":{"rendered":"Prywatno\u015b\u0107"},"content":{"rendered":"<p><\/p>\n<p>Zgodnie z prawem n. 675 \/ 96 &#8222;Ochrona os\u00f3b i innych podmiot\u00f3w w zakresie przetwarzania i wykorzystywania danych osobowych&#8221; wyra\u017cam zgod\u0119 na gromadzenie i publikowanie danych osobowych, kt\u00f3re poda\u0142em, do komunikacji i cel\u00f3w promocyjnych FLxER.<\/p>\n<p><\/p>","protected":false},"excerpt":{"rendered":"<p>Zgodnie z prawem n. 675 \/ 96 &#8222;Ochrona os\u00f3b i innych podmiot\u00f3w w zakresie przetwarzania i wykorzystywania danych osobowych&#8221; wyra\u017cam zgod\u0119 na gromadzenie i publikowanie danych osobowych, kt\u00f3re poda\u0142em, do komunikacji i cel\u00f3w promocyjnych FLxER.<\/p>\n","protected":false},"author":1,"featured_media":0,"parent":202,"menu_order":4,"comment_status":"closed","ping_status":"closed","template":"","meta":[],"post_title":null,"featured":null,"_wp_page_template":null,"_links":{"self":[{"href":"https:\/\/cms.avnode.net\/pl\/wp-json\/wp\/v2\/pages\/15"}],"collection":[{"href":"https:\/\/cms.avnode.net\/pl\/wp-json\/wp\/v2\/pages"}],"about":[{"href":"https:\/\/cms.avnode.net\/pl\/wp-json\/wp\/v2\/types\/page"}],"author":[{"embeddable":true,"href":"https:\/\/cms.avnode.net\/pl\/wp-json\/wp\/v2\/users\/1"}],"replies":[{"embeddable":true,"href":"https:\/\/cms.avnode.net\/pl\/wp-json\/wp\/v2\/comments?post=15"}],"version-history":[{"count":0,"href":"https:\/\/cms.avnode.net\/pl\/wp-json\/wp\/v2\/pages\/15\/revisions"}],"up":[{"embeddable":true,"href":"https:\/\/cms.avnode.net\/pl\/wp-json\/wp\/v2\/pages\/202"}],"wp:attachment":[{"href":"https:\/\/cms.avnode.net\/pl\/wp-json\/wp\/v2\/media?parent=15"}],"curies":[{"name":"wp","href":"https:\/\/api.w.org\/{rel}","templated":true}]}}