	
{"id":22,"date":"2012-04-27T17:18:30","date_gmt":"2012-04-27T17:18:30","guid":{"rendered":"http:\/\/avnode-net.dev.flyer.it\/?page_id=22"},"modified":"2012-10-30T12:47:56","modified_gmt":"2012-10-30T12:47:56","slug":"footage-selection","status":"publish","type":"page","link":"https:\/\/cms.avnode.net\/pl\/online-help\/footage-selection\/","title":{"rendered":"Wybierz Footage"},"content":{"rendered":"<p><\/p>\n<p>Wybierz prosz\u0119 Footage do edycji.<\/p>\n<p> Je\u015bli chcesz doda\u0107 nowy Footage kliknij prosz\u0119 na &#8222;Dodaj nowy&#8221;.<\/p>\n<p><\/p>","protected":false},"excerpt":{"rendered":"<p>Wybierz prosz\u0119 Footage do edycji. Je\u015bli chcesz doda\u0107 nowy Footage kliknij prosz\u0119 na &#8222;Dodaj nowy&#8221;.<\/p>\n","protected":false},"author":1,"featured_media":0,"parent":2,"menu_order":42,"comment_status":"closed","ping_status":"closed","template":"","meta":[],"post_title":null,"featured":null,"_wp_page_template":null,"_links":{"self":[{"href":"https:\/\/cms.avnode.net\/pl\/wp-json\/wp\/v2\/pages\/22"}],"collection":[{"href":"https:\/\/cms.avnode.net\/pl\/wp-json\/wp\/v2\/pages"}],"about":[{"href":"https:\/\/cms.avnode.net\/pl\/wp-json\/wp\/v2\/types\/page"}],"author":[{"embeddable":true,"href":"https:\/\/cms.avnode.net\/pl\/wp-json\/wp\/v2\/users\/1"}],"replies":[{"embeddable":true,"href":"https:\/\/cms.avnode.net\/pl\/wp-json\/wp\/v2\/comments?post=22"}],"version-history":[{"count":0,"href":"https:\/\/cms.avnode.net\/pl\/wp-json\/wp\/v2\/pages\/22\/revisions"}],"up":[{"embeddable":true,"href":"https:\/\/cms.avnode.net\/pl\/wp-json\/wp\/v2\/pages\/2"}],"wp:attachment":[{"href":"https:\/\/cms.avnode.net\/pl\/wp-json\/wp\/v2\/media?parent=22"}],"curies":[{"name":"wp","href":"https:\/\/api.w.org\/{rel}","templated":true}]}}