	
{"id":25,"date":"2012-04-27T17:18:30","date_gmt":"2012-04-27T17:18:30","guid":{"rendered":"http:\/\/avnode-net.dev.flyer.it\/?page_id=25"},"modified":"2012-10-30T12:41:25","modified_gmt":"2012-10-30T12:41:25","slug":"login","status":"publish","type":"page","link":"https:\/\/cms.avnode.net\/pl\/online-help\/login\/","title":{"rendered":"Zaloguj si\u0119"},"content":{"rendered":"<p><\/p>\n<p>Aby si\u0119 zalogowa\u0107, uzupe\u0142nij prosz\u0119 formularz.<\/p>\n<p> Je\u015bli nie pami\u0119tasz has\u0142a, mo\u017cesz poprosi\u0107 o nowe has\u0142o na tej stronie <a href=\"\/controlpanel\/passwordRequest.php\">Szczeg\u00f3ly logowania<\/a><\/p>\n<p><\/p>","protected":false},"excerpt":{"rendered":"<p>Aby si\u0119 zalogowa\u0107, uzupe\u0142nij prosz\u0119 formularz. Je\u015bli nie pami\u0119tasz has\u0142a, mo\u017cesz poprosi\u0107 o nowe has\u0142o na tej stronie Szczeg\u00f3ly logowania<\/p>\n","protected":false},"author":1,"featured_media":0,"parent":2,"menu_order":31,"comment_status":"closed","ping_status":"closed","template":"","meta":[],"post_title":null,"featured":null,"_wp_page_template":null,"_links":{"self":[{"href":"https:\/\/cms.avnode.net\/pl\/wp-json\/wp\/v2\/pages\/25"}],"collection":[{"href":"https:\/\/cms.avnode.net\/pl\/wp-json\/wp\/v2\/pages"}],"about":[{"href":"https:\/\/cms.avnode.net\/pl\/wp-json\/wp\/v2\/types\/page"}],"author":[{"embeddable":true,"href":"https:\/\/cms.avnode.net\/pl\/wp-json\/wp\/v2\/users\/1"}],"replies":[{"embeddable":true,"href":"https:\/\/cms.avnode.net\/pl\/wp-json\/wp\/v2\/comments?post=25"}],"version-history":[{"count":0,"href":"https:\/\/cms.avnode.net\/pl\/wp-json\/wp\/v2\/pages\/25\/revisions"}],"up":[{"embeddable":true,"href":"https:\/\/cms.avnode.net\/pl\/wp-json\/wp\/v2\/pages\/2"}],"wp:attachment":[{"href":"https:\/\/cms.avnode.net\/pl\/wp-json\/wp\/v2\/media?parent=25"}],"curies":[{"name":"wp","href":"https:\/\/api.w.org\/{rel}","templated":true}]}}