	
{"id":26,"date":"2012-04-27T17:18:30","date_gmt":"2012-04-27T17:18:30","guid":{"rendered":"http:\/\/avnode-net.dev.flyer.it\/?page_id=26"},"modified":"2012-10-30T12:56:21","modified_gmt":"2012-10-30T12:56:21","slug":"playlists-detail","status":"publish","type":"page","link":"https:\/\/cms.avnode.net\/pl\/online-help\/playlists-detail\/","title":{"rendered":"Szczeg\u00f3\u0142y Playlisty"},"content":{"rendered":"<p><\/p>\n<p>Tutaj mo\u017cesz edytowa\u0107 swoje Playlisty.<\/p>\n<p> Mo\u017cesz utworzy\u0107 now\u0105 Playlist\u0119 na stronie Szczeg\u00f3\u0142y Footage na &#8222;Dodaj do Playlisty&#8221; <\/p>\n<p> Mo\u017cesz doda\u0107 Footage do tej Playlisty na stronie Szczeg\u00f3\u0142y Footage na &#8222;Dodaj do Playlisty&#8221;<\/p>\n<p><\/p>","protected":false},"excerpt":{"rendered":"<p>Tutaj mo\u017cesz edytowa\u0107 swoje Playlisty. Mo\u017cesz utworzy\u0107 now\u0105 Playlist\u0119 na stronie Szczeg\u00f3\u0142y Footage na &#8222;Dodaj do Playlisty&#8221; Mo\u017cesz doda\u0107 Footage do tej Playlisty na stronie Szczeg\u00f3\u0142y Footage na &#8222;Dodaj do Playlisty&#8221;<\/p>\n","protected":false},"author":1,"featured_media":0,"parent":2,"menu_order":53,"comment_status":"closed","ping_status":"closed","template":"","meta":[],"post_title":null,"featured":null,"_wp_page_template":null,"_links":{"self":[{"href":"https:\/\/cms.avnode.net\/pl\/wp-json\/wp\/v2\/pages\/26"}],"collection":[{"href":"https:\/\/cms.avnode.net\/pl\/wp-json\/wp\/v2\/pages"}],"about":[{"href":"https:\/\/cms.avnode.net\/pl\/wp-json\/wp\/v2\/types\/page"}],"author":[{"embeddable":true,"href":"https:\/\/cms.avnode.net\/pl\/wp-json\/wp\/v2\/users\/1"}],"replies":[{"embeddable":true,"href":"https:\/\/cms.avnode.net\/pl\/wp-json\/wp\/v2\/comments?post=26"}],"version-history":[{"count":0,"href":"https:\/\/cms.avnode.net\/pl\/wp-json\/wp\/v2\/pages\/26\/revisions"}],"up":[{"embeddable":true,"href":"https:\/\/cms.avnode.net\/pl\/wp-json\/wp\/v2\/pages\/2"}],"wp:attachment":[{"href":"https:\/\/cms.avnode.net\/pl\/wp-json\/wp\/v2\/media?parent=26"}],"curies":[{"name":"wp","href":"https:\/\/api.w.org\/{rel}","templated":true}]}}