	
{"id":32,"date":"2012-04-27T17:18:30","date_gmt":"2012-04-27T17:18:30","guid":{"rendered":"http:\/\/avnode-net.dev.flyer.it\/?page_id=32"},"modified":"2012-10-30T12:39:38","modified_gmt":"2012-10-30T12:39:38","slug":"registration-confirm","status":"publish","type":"page","link":"https:\/\/cms.avnode.net\/pl\/online-help\/registration-confirm\/","title":{"rendered":"Potwierdzenie rejestracji"},"content":{"rendered":"<p><\/p>\n<p><strong>Spos\u00f3b 1 (wymaga potwierdzenia przez e-mail)<br \/> <\/strong>Prosz\u0119 stosowa\u0107 si\u0119 do instrukcji po lewej.<\/p>\n<p><\/p>","protected":false},"excerpt":{"rendered":"<p>Spos\u00f3b 1 (wymaga potwierdzenia przez e-mail) Prosz\u0119 stosowa\u0107 si\u0119 do instrukcji po lewej.<\/p>\n","protected":false},"author":1,"featured_media":0,"parent":2,"menu_order":27,"comment_status":"closed","ping_status":"closed","template":"","meta":[],"post_title":null,"featured":null,"_wp_page_template":null,"_links":{"self":[{"href":"https:\/\/cms.avnode.net\/pl\/wp-json\/wp\/v2\/pages\/32"}],"collection":[{"href":"https:\/\/cms.avnode.net\/pl\/wp-json\/wp\/v2\/pages"}],"about":[{"href":"https:\/\/cms.avnode.net\/pl\/wp-json\/wp\/v2\/types\/page"}],"author":[{"embeddable":true,"href":"https:\/\/cms.avnode.net\/pl\/wp-json\/wp\/v2\/users\/1"}],"replies":[{"embeddable":true,"href":"https:\/\/cms.avnode.net\/pl\/wp-json\/wp\/v2\/comments?post=32"}],"version-history":[{"count":0,"href":"https:\/\/cms.avnode.net\/pl\/wp-json\/wp\/v2\/pages\/32\/revisions"}],"up":[{"embeddable":true,"href":"https:\/\/cms.avnode.net\/pl\/wp-json\/wp\/v2\/pages\/2"}],"wp:attachment":[{"href":"https:\/\/cms.avnode.net\/pl\/wp-json\/wp\/v2\/media?parent=32"}],"curies":[{"name":"wp","href":"https:\/\/api.w.org\/{rel}","templated":true}]}}