	
{"id":34,"date":"2012-04-27T17:18:30","date_gmt":"2012-04-27T17:18:30","guid":{"rendered":"http:\/\/avnode-net.dev.flyer.it\/?page_id=34"},"modified":"2012-08-28T22:01:45","modified_gmt":"2012-08-28T22:01:45","slug":"rss-and-feed","status":"publish","type":"page","link":"https:\/\/cms.avnode.net\/pl\/site-contents\/rss-and-feed\/","title":{"rendered":"RSS i FEED"},"content":{"rendered":"<p><\/p>\n<p>Bad\u017a na bie\u017c\u0105co z RSS (Really Simple Syndication), systemem dystrybucji tre\u015bci w Internecie.<\/p>\n<p>Aby si\u0119 zarejestrowa\u0107 i ogl\u0105da\u0107 kana\u0142y potrzebujesz po\u0142\u0105czenia z Internetem i czytnika RSS, lub innego niestandardowego programu (jak Bloglines, FeedReader, Google Reader, etc. &#8230;)<\/p>\n<p><\/p>","protected":false},"excerpt":{"rendered":"<p>Bad\u017a na bie\u017c\u0105co z RSS (Really Simple Syndication), systemem dystrybucji tre\u015bci w Internecie. Aby si\u0119 zarejestrowa\u0107 i ogl\u0105da\u0107 kana\u0142y potrzebujesz po\u0142\u0105czenia z Internetem i czytnika RSS, lub innego niestandardowego programu (jak Bloglines, FeedReader, Google Reader, etc. &#8230;)<\/p>\n","protected":false},"author":1,"featured_media":0,"parent":202,"menu_order":2,"comment_status":"closed","ping_status":"closed","template":"","meta":[],"post_title":null,"featured":null,"_wp_page_template":null,"_links":{"self":[{"href":"https:\/\/cms.avnode.net\/pl\/wp-json\/wp\/v2\/pages\/34"}],"collection":[{"href":"https:\/\/cms.avnode.net\/pl\/wp-json\/wp\/v2\/pages"}],"about":[{"href":"https:\/\/cms.avnode.net\/pl\/wp-json\/wp\/v2\/types\/page"}],"author":[{"embeddable":true,"href":"https:\/\/cms.avnode.net\/pl\/wp-json\/wp\/v2\/users\/1"}],"replies":[{"embeddable":true,"href":"https:\/\/cms.avnode.net\/pl\/wp-json\/wp\/v2\/comments?post=34"}],"version-history":[{"count":0,"href":"https:\/\/cms.avnode.net\/pl\/wp-json\/wp\/v2\/pages\/34\/revisions"}],"up":[{"embeddable":true,"href":"https:\/\/cms.avnode.net\/pl\/wp-json\/wp\/v2\/pages\/202"}],"wp:attachment":[{"href":"https:\/\/cms.avnode.net\/pl\/wp-json\/wp\/v2\/media?parent=34"}],"curies":[{"name":"wp","href":"https:\/\/api.w.org\/{rel}","templated":true}]}}