	
{"id":36,"date":"2012-04-27T17:18:30","date_gmt":"2012-04-27T17:18:30","guid":{"rendered":"http:\/\/avnode-net.dev.flyer.it\/?page_id=36"},"modified":"2015-09-14T23:47:53","modified_gmt":"2015-09-14T23:47:53","slug":"submission-completed","status":"publish","type":"page","link":"https:\/\/cms.avnode.net\/pl\/subscriptions-extra-help\/submission-completed\/","title":{"rendered":"Subskrypcja zako\u0144czona"},"content":{"rendered":"<p><\/p>\n<p>Dzi\u0119ki! Tw\u00f3j performans zosta\u0142 pomy\u015blnie zg\u0142oszony na ####currentEdition####.<br \/> <strong><br \/> Prosz\u0119 zwr\u00f3ci\u0107 uwag\u0119, \u017ce wszystkie informacje na temat performansu i zakwaterowania zostan\u0105 wys\u0142ane na adres e-mail wskazany przez Ciebie podczas tworzenia Twojego profilu FLxER.<br \/> <\/strong><br \/> Je\u015bli chcesz si\u0119 z nami skontaktowa\u0107, prosimy wys\u0142a\u0107 e-mail na <a href=\"http:\/\/mailto:####subemail####\">####subemail####<\/a>.<\/p>\n<p><\/p>","protected":false},"excerpt":{"rendered":"<p>Dzi\u0119ki! Tw\u00f3j performans zosta\u0142 pomy\u015blnie zg\u0142oszony na ####currentEdition####. Prosz\u0119 zwr\u00f3ci\u0107 uwag\u0119, \u017ce wszystkie informacje na temat performansu i zakwaterowania zostan\u0105 wys\u0142ane na adres e-mail wskazany przez Ciebie podczas tworzenia Twojego profilu FLxER. Je\u015bli chcesz si\u0119 z nami skontaktowa\u0107, prosimy wys\u0142a\u0107 e-mail na ####subemail####.<\/p>\n","protected":false},"author":1,"featured_media":0,"parent":111,"menu_order":22,"comment_status":"closed","ping_status":"closed","template":"","meta":[],"post_title":null,"featured":null,"_wp_page_template":null,"_links":{"self":[{"href":"https:\/\/cms.avnode.net\/pl\/wp-json\/wp\/v2\/pages\/36"}],"collection":[{"href":"https:\/\/cms.avnode.net\/pl\/wp-json\/wp\/v2\/pages"}],"about":[{"href":"https:\/\/cms.avnode.net\/pl\/wp-json\/wp\/v2\/types\/page"}],"author":[{"embeddable":true,"href":"https:\/\/cms.avnode.net\/pl\/wp-json\/wp\/v2\/users\/1"}],"replies":[{"embeddable":true,"href":"https:\/\/cms.avnode.net\/pl\/wp-json\/wp\/v2\/comments?post=36"}],"version-history":[{"count":0,"href":"https:\/\/cms.avnode.net\/pl\/wp-json\/wp\/v2\/pages\/36\/revisions"}],"up":[{"embeddable":true,"href":"https:\/\/cms.avnode.net\/pl\/wp-json\/wp\/v2\/pages\/111"}],"wp:attachment":[{"href":"https:\/\/cms.avnode.net\/pl\/wp-json\/wp\/v2\/media?parent=36"}],"curies":[{"name":"wp","href":"https:\/\/api.w.org\/{rel}","templated":true}]}}