	
{"id":364,"date":"2012-08-30T22:41:18","date_gmt":"2012-08-30T22:41:18","guid":{"rendered":"http:\/\/avnode-net.dev.flyer.it\/?page_id=364"},"modified":"2012-09-28T11:36:51","modified_gmt":"2012-09-28T11:36:51","slug":"vj-set-selection","status":"publish","type":"page","link":"https:\/\/cms.avnode.net\/pl\/subscriptions-extra-help\/vj-set-selection\/","title":{"rendered":"VJ Set selection"},"content":{"rendered":"<p><\/p>\n<p>Wybierz prosz\u0119 performans, kt\u00f3ry chcesz zg\u0142osi\u0107 na <strong>VJ TORNA<\/strong>.\u2028<br \/> Wybierz jeden z listy po lewej lub kliknij &#8222;New performance&#8221;, aby utworzy\u0107 nowy.<\/p>\n<p> Mo\u017cna z\u0142o\u017cy\u0107:<\/p>\n<ul>\n<li>VJ SET<\/li>\n<\/ul>\n<p><\/p>","protected":false},"excerpt":{"rendered":"<p>Wybierz prosz\u0119 performans, kt\u00f3ry chcesz zg\u0142osi\u0107 na VJ TORNA.\u2028 Wybierz jeden z listy po lewej lub kliknij &#8222;New performance&#8221;, aby utworzy\u0107 nowy. Mo\u017cna z\u0142o\u017cy\u0107: VJ SET<\/p>\n","protected":false},"author":1,"featured_media":0,"parent":111,"menu_order":18,"comment_status":"closed","ping_status":"closed","template":"","meta":[],"post_title":null,"featured":null,"_wp_page_template":null,"_links":{"self":[{"href":"https:\/\/cms.avnode.net\/pl\/wp-json\/wp\/v2\/pages\/364"}],"collection":[{"href":"https:\/\/cms.avnode.net\/pl\/wp-json\/wp\/v2\/pages"}],"about":[{"href":"https:\/\/cms.avnode.net\/pl\/wp-json\/wp\/v2\/types\/page"}],"author":[{"embeddable":true,"href":"https:\/\/cms.avnode.net\/pl\/wp-json\/wp\/v2\/users\/1"}],"replies":[{"embeddable":true,"href":"https:\/\/cms.avnode.net\/pl\/wp-json\/wp\/v2\/comments?post=364"}],"version-history":[{"count":0,"href":"https:\/\/cms.avnode.net\/pl\/wp-json\/wp\/v2\/pages\/364\/revisions"}],"up":[{"embeddable":true,"href":"https:\/\/cms.avnode.net\/pl\/wp-json\/wp\/v2\/pages\/111"}],"wp:attachment":[{"href":"https:\/\/cms.avnode.net\/pl\/wp-json\/wp\/v2\/media?parent=364"}],"curies":[{"name":"wp","href":"https:\/\/api.w.org\/{rel}","templated":true}]}}