	
{"id":38,"date":"2012-04-27T17:18:30","date_gmt":"2012-04-27T17:18:30","guid":{"rendered":"http:\/\/avnode-net.dev.flyer.it\/?page_id=38"},"modified":"2015-09-14T23:49:10","modified_gmt":"2015-09-14T23:49:10","slug":"category","status":"publish","type":"page","link":"https:\/\/cms.avnode.net\/pl\/subscriptions-extra-help\/category\/","title":{"rendered":"Kategoria"},"content":{"rendered":"<p><\/p>\n<p>Tutaj mo\u017cesz wskaza\u0107, kt\u00f3ry temat odnosi si\u0119 najlepiej do tre\u015bci projektu, kt\u00f3ry chcesz zaprezentowa\u0107 na VJ Torna.<\/p>\n<p>W niekt\u00f3rych przypadkach ####currentEdition#### team mo\u017ce zmieni\u0107 Tw\u00f3j wyb\u00f3r na bardziej odpowiedni temat.<br \/>\nVJ Torna team skontaktuje si\u0119 z Tob\u0105 w celu potwierdzenia jakichkolwiek zmian.\n<\/p>\n<p><\/p>","protected":false},"excerpt":{"rendered":"<p>Tutaj mo\u017cesz wskaza\u0107, kt\u00f3ry temat odnosi si\u0119 najlepiej do tre\u015bci projektu, kt\u00f3ry chcesz zaprezentowa\u0107 na VJ Torna. W niekt\u00f3rych przypadkach ####currentEdition#### team mo\u017ce zmieni\u0107 Tw\u00f3j wyb\u00f3r na bardziej odpowiedni temat. VJ Torna team skontaktuje si\u0119 z Tob\u0105 w celu potwierdzenia jakichkolwiek zmian.<\/p>\n","protected":false},"author":1,"featured_media":0,"parent":111,"menu_order":18,"comment_status":"closed","ping_status":"closed","template":"","meta":[],"post_title":null,"featured":null,"_wp_page_template":null,"_links":{"self":[{"href":"https:\/\/cms.avnode.net\/pl\/wp-json\/wp\/v2\/pages\/38"}],"collection":[{"href":"https:\/\/cms.avnode.net\/pl\/wp-json\/wp\/v2\/pages"}],"about":[{"href":"https:\/\/cms.avnode.net\/pl\/wp-json\/wp\/v2\/types\/page"}],"author":[{"embeddable":true,"href":"https:\/\/cms.avnode.net\/pl\/wp-json\/wp\/v2\/users\/1"}],"replies":[{"embeddable":true,"href":"https:\/\/cms.avnode.net\/pl\/wp-json\/wp\/v2\/comments?post=38"}],"version-history":[{"count":0,"href":"https:\/\/cms.avnode.net\/pl\/wp-json\/wp\/v2\/pages\/38\/revisions"}],"up":[{"embeddable":true,"href":"https:\/\/cms.avnode.net\/pl\/wp-json\/wp\/v2\/pages\/111"}],"wp:attachment":[{"href":"https:\/\/cms.avnode.net\/pl\/wp-json\/wp\/v2\/media?parent=38"}],"curies":[{"name":"wp","href":"https:\/\/api.w.org\/{rel}","templated":true}]}}