	
{"id":39,"date":"2012-04-27T17:18:30","date_gmt":"2012-04-27T17:18:30","guid":{"rendered":"http:\/\/avnode-net.dev.flyer.it\/?page_id=39"},"modified":"2012-09-24T13:13:55","modified_gmt":"2012-09-24T13:13:55","slug":"submit","status":"publish","type":"page","link":"https:\/\/cms.avnode.net\/pl\/subscriptions-extra-help\/submit\/","title":{"rendered":"Zg\u0142o\u015b"},"content":{"rendered":"<p><\/p>\n<p>Sprawd\u017a zar\u00f3wno dane performansu jak i artysty.<\/p>\n<p>Je\u015bli chcesz co\u015b zmieni\u0107 lub doda\u0107 brakuj\u0105ce informacje, klikn\u0105\u0107 &#8222;Edit&#8221;.<br \/>\nNast\u0119pnie kliknij &#8222;Send&#8221; na dole strony, aby zako\u0144czy\u0107 subskrypcj\u0119.<\/p>\n<p><strong>Prosz\u0119 zwr\u00f3ci\u0107 uwag\u0119, \u017ce wszystkie informacje na temat performansu i zakwaterowania zostan\u0105 wys\u0142ane na adres e-mail wskazany przez Ciebie podczas tworzenia Twojego profilu FLxER.<\/strong><\/p>\n<p><\/p>","protected":false},"excerpt":{"rendered":"<p>Sprawd\u017a zar\u00f3wno dane performansu jak i artysty. Je\u015bli chcesz co\u015b zmieni\u0107 lub doda\u0107 brakuj\u0105ce informacje, klikn\u0105\u0107 &#8222;Edit&#8221;. Nast\u0119pnie kliknij &#8222;Send&#8221; na dole strony, aby zako\u0144czy\u0107 subskrypcj\u0119. Prosz\u0119 zwr\u00f3ci\u0107 uwag\u0119, \u017ce wszystkie informacje na temat performansu i zakwaterowania zostan\u0105 wys\u0142ane na adres e-mail wskazany przez Ciebie podczas tworzenia Twojego profilu FLxER.<\/p>\n","protected":false},"author":1,"featured_media":0,"parent":111,"menu_order":21,"comment_status":"closed","ping_status":"closed","template":"","meta":[],"post_title":null,"featured":null,"_wp_page_template":null,"_links":{"self":[{"href":"https:\/\/cms.avnode.net\/pl\/wp-json\/wp\/v2\/pages\/39"}],"collection":[{"href":"https:\/\/cms.avnode.net\/pl\/wp-json\/wp\/v2\/pages"}],"about":[{"href":"https:\/\/cms.avnode.net\/pl\/wp-json\/wp\/v2\/types\/page"}],"author":[{"embeddable":true,"href":"https:\/\/cms.avnode.net\/pl\/wp-json\/wp\/v2\/users\/1"}],"replies":[{"embeddable":true,"href":"https:\/\/cms.avnode.net\/pl\/wp-json\/wp\/v2\/comments?post=39"}],"version-history":[{"count":0,"href":"https:\/\/cms.avnode.net\/pl\/wp-json\/wp\/v2\/pages\/39\/revisions"}],"up":[{"embeddable":true,"href":"https:\/\/cms.avnode.net\/pl\/wp-json\/wp\/v2\/pages\/111"}],"wp:attachment":[{"href":"https:\/\/cms.avnode.net\/pl\/wp-json\/wp\/v2\/media?parent=39"}],"curies":[{"name":"wp","href":"https:\/\/api.w.org\/{rel}","templated":true}]}}