	
{"id":40,"date":"2012-04-27T17:18:30","date_gmt":"2012-04-27T17:18:30","guid":{"rendered":"http:\/\/avnode-net.dev.flyer.it\/?page_id=40"},"modified":"2015-09-14T23:40:57","modified_gmt":"2015-09-14T23:40:57","slug":"terms-conditions","status":"publish","type":"page","link":"https:\/\/cms.avnode.net\/pl\/subscriptions-extra-help\/terms-conditions\/","title":{"rendered":"Regulamin"},"content":{"rendered":"<p><\/p>\n<p>Subskrypcja on-line na <strong>####currentEdition####<\/strong> sk\u0142ada si\u0119 z kilku etap\u00f3w. Aby rozpocz\u0105\u0107 proces subskrypcji, nale\u017cy najpierw przeczyta\u0107 i zaakceptowa\u0107 nasze warunki.<\/p>\n<p><\/p>","protected":false},"excerpt":{"rendered":"<p>Subskrypcja on-line na ####currentEdition#### sk\u0142ada si\u0119 z kilku etap\u00f3w. Aby rozpocz\u0105\u0107 proces subskrypcji, nale\u017cy najpierw przeczyta\u0107 i zaakceptowa\u0107 nasze warunki.<\/p>\n","protected":false},"author":1,"featured_media":0,"parent":111,"menu_order":10,"comment_status":"closed","ping_status":"closed","template":"","meta":[],"post_title":null,"featured":null,"_wp_page_template":null,"_links":{"self":[{"href":"https:\/\/cms.avnode.net\/pl\/wp-json\/wp\/v2\/pages\/40"}],"collection":[{"href":"https:\/\/cms.avnode.net\/pl\/wp-json\/wp\/v2\/pages"}],"about":[{"href":"https:\/\/cms.avnode.net\/pl\/wp-json\/wp\/v2\/types\/page"}],"author":[{"embeddable":true,"href":"https:\/\/cms.avnode.net\/pl\/wp-json\/wp\/v2\/users\/1"}],"replies":[{"embeddable":true,"href":"https:\/\/cms.avnode.net\/pl\/wp-json\/wp\/v2\/comments?post=40"}],"version-history":[{"count":0,"href":"https:\/\/cms.avnode.net\/pl\/wp-json\/wp\/v2\/pages\/40\/revisions"}],"up":[{"embeddable":true,"href":"https:\/\/cms.avnode.net\/pl\/wp-json\/wp\/v2\/pages\/111"}],"wp:attachment":[{"href":"https:\/\/cms.avnode.net\/pl\/wp-json\/wp\/v2\/media?parent=40"}],"curies":[{"name":"wp","href":"https:\/\/api.w.org\/{rel}","templated":true}]}}