	
{"id":48,"date":"2012-04-27T17:18:30","date_gmt":"2012-04-27T17:18:30","guid":{"rendered":"http:\/\/avnode-net.dev.flyer.it\/?page_id=48"},"modified":"2012-09-28T11:28:21","modified_gmt":"2012-09-28T11:28:21","slug":"login-or-register","status":"publish","type":"page","link":"https:\/\/cms.avnode.net\/pl\/subscriptions-extra-help\/login-or-register\/","title":{"rendered":"Zaloguj si\u0119 lub zarejestruj"},"content":{"rendered":"<p><\/p>\n<p>Je\u015bli masz ju\u017c konto FLxER.net zaloguj si\u0119, je\u015bli nie &#8211; mo\u017cesz zapisa\u0107 si\u0119 teraz wybieraj\u0105c jedn\u0105 z nast\u0119puj\u0105cych metod 2:<\/p>\n<p> <strong>Metoda 1 (wymaga potwierdzenia przez e-mail)<\/strong><\/p>\n<p> Wype\u0142nij formularz z Twoimi danymi osobowymi.<\/p>\n<p> Jest to tradycyjny spos\u00f3b rejestracji. Po przes\u0142aniu danych wy\u015blemy Ci e-mail z potwierdzeniem, po czym b\u0119dziesz m\u00f3g\u0142 zarz\u0105dza\u0107 swoim profilem. <\/p>\n<p> <strong>Metoda 2 (nie wymaga potwierdzenia przez e-mail)<\/strong><\/p>\n<p> Zarejestruj si\u0119 za pomoc\u0105 istniej\u0105cego ju\u017c konta w jednej z social networks wymienionych poni\u017cej.<\/p>\n<p> Zwr\u00f3\u0107 uwag\u0119, \u017ce nie mamy dost\u0119pu do Twoich danych osobowych. Social networks podaj\u0105 nam tylko kilka podstawowych informacji, kt\u00f3re gwarantuj\u0105, \u017ce e-mail wskazany przez Ciebie jest prawid\u0142owy. Zaraz po zako\u0144czeniu rejestracji b\u0119dziesz m\u00f3g\u0142 ustawi\u0107 sw\u00f3j profil.<\/p>\n<p> Je\u015bli nie pami\u0119tasz has\u0142a, mo\u017cesz poprosi\u0107 o nowe, odwiedzaj\u0105c stron\u0119: <a href=\"http:\/\/flxer.net\/controlpanel\/passwordRequest.php\">Request login details<\/a><\/p>\n<p><\/p>","protected":false},"excerpt":{"rendered":"<p>Je\u015bli masz ju\u017c konto FLxER.net zaloguj si\u0119, je\u015bli nie &#8211; mo\u017cesz zapisa\u0107 si\u0119 teraz wybieraj\u0105c jedn\u0105 z nast\u0119puj\u0105cych metod 2: Metoda 1 (wymaga potwierdzenia przez e-mail) Wype\u0142nij formularz z Twoimi danymi osobowymi. Jest to tradycyjny spos\u00f3b rejestracji. Po przes\u0142aniu danych wy\u015blemy Ci e-mail z potwierdzeniem, po czym b\u0119dziesz m\u00f3g\u0142 zarz\u0105dza\u0107 swoim profilem. Metoda 2 (nie [&hellip;]<\/p>\n","protected":false},"author":1,"featured_media":0,"parent":111,"menu_order":15,"comment_status":"closed","ping_status":"closed","template":"","meta":[],"post_title":null,"featured":null,"_wp_page_template":null,"_links":{"self":[{"href":"https:\/\/cms.avnode.net\/pl\/wp-json\/wp\/v2\/pages\/48"}],"collection":[{"href":"https:\/\/cms.avnode.net\/pl\/wp-json\/wp\/v2\/pages"}],"about":[{"href":"https:\/\/cms.avnode.net\/pl\/wp-json\/wp\/v2\/types\/page"}],"author":[{"embeddable":true,"href":"https:\/\/cms.avnode.net\/pl\/wp-json\/wp\/v2\/users\/1"}],"replies":[{"embeddable":true,"href":"https:\/\/cms.avnode.net\/pl\/wp-json\/wp\/v2\/comments?post=48"}],"version-history":[{"count":0,"href":"https:\/\/cms.avnode.net\/pl\/wp-json\/wp\/v2\/pages\/48\/revisions"}],"up":[{"embeddable":true,"href":"https:\/\/cms.avnode.net\/pl\/wp-json\/wp\/v2\/pages\/111"}],"wp:attachment":[{"href":"https:\/\/cms.avnode.net\/pl\/wp-json\/wp\/v2\/media?parent=48"}],"curies":[{"name":"wp","href":"https:\/\/api.w.org\/{rel}","templated":true}]}}