	
{"id":49,"date":"2012-04-27T17:18:30","date_gmt":"2012-04-27T17:18:30","guid":{"rendered":"http:\/\/avnode-net.dev.flyer.it\/?page_id=49"},"modified":"2012-10-30T12:36:50","modified_gmt":"2012-10-30T12:36:50","slug":"new-account","status":"publish","type":"page","link":"https:\/\/cms.avnode.net\/pl\/online-help\/new-account\/","title":{"rendered":"Nowe konto"},"content":{"rendered":"<p><\/p>\n<p><strong>Metoda 1 (wymaga potwierdzenia przez e-mail)<\/strong><br \/> Wype\u0142nij formularz swoimi danymi osobowymi.<\/p>\n<p> Jest to tradycyjny spos\u00f3b rejestracji. Po przes\u0142aniu danych wy\u015blemy Ci e-mail z potwierdzeniem, po czym b\u0119dziesz m\u00f3g\u0142 zarz\u0105dza\u0107 swoim profilem.<\/p>\n<p><\/p>","protected":false},"excerpt":{"rendered":"<p>Metoda 1 (wymaga potwierdzenia przez e-mail) Wype\u0142nij formularz swoimi danymi osobowymi. Jest to tradycyjny spos\u00f3b rejestracji. Po przes\u0142aniu danych wy\u015blemy Ci e-mail z potwierdzeniem, po czym b\u0119dziesz m\u00f3g\u0142 zarz\u0105dza\u0107 swoim profilem.<\/p>\n","protected":false},"author":1,"featured_media":0,"parent":2,"menu_order":22,"comment_status":"closed","ping_status":"closed","template":"","meta":[],"post_title":null,"featured":null,"_wp_page_template":null,"_links":{"self":[{"href":"https:\/\/cms.avnode.net\/pl\/wp-json\/wp\/v2\/pages\/49"}],"collection":[{"href":"https:\/\/cms.avnode.net\/pl\/wp-json\/wp\/v2\/pages"}],"about":[{"href":"https:\/\/cms.avnode.net\/pl\/wp-json\/wp\/v2\/types\/page"}],"author":[{"embeddable":true,"href":"https:\/\/cms.avnode.net\/pl\/wp-json\/wp\/v2\/users\/1"}],"replies":[{"embeddable":true,"href":"https:\/\/cms.avnode.net\/pl\/wp-json\/wp\/v2\/comments?post=49"}],"version-history":[{"count":0,"href":"https:\/\/cms.avnode.net\/pl\/wp-json\/wp\/v2\/pages\/49\/revisions"}],"up":[{"embeddable":true,"href":"https:\/\/cms.avnode.net\/pl\/wp-json\/wp\/v2\/pages\/2"}],"wp:attachment":[{"href":"https:\/\/cms.avnode.net\/pl\/wp-json\/wp\/v2\/media?parent=49"}],"curies":[{"name":"wp","href":"https:\/\/api.w.org\/{rel}","templated":true}]}}