	
{"id":54,"date":"2012-04-27T17:18:30","date_gmt":"2012-04-27T17:18:30","guid":{"rendered":"http:\/\/avnode-net.dev.flyer.it\/?page_id=54"},"modified":"2018-01-26T18:39:41","modified_gmt":"2018-01-26T18:39:41","slug":"performers-terms-conditions","status":"publish","type":"page","link":"https:\/\/cms.avnode.net\/pl\/subscriptions-contents\/performers-terms-conditions\/","title":{"rendered":"ZASADY I WARUNKI SUBSKRYPCJI"},"content":{"rendered":"<p><\/p>\n<div><strong>LPM ma form\u0119 meetingu.<\/strong><\/div>\n<div><\/div>\n<div>\u2028\u2028LPM jest organizowany w przystosowanych na jego potrzeby przestrzeniach, kt\u00f3re umo\u017cliwiaj\u0105 spotkanie i wymian\u0119 do\u015bwiadcze\u0144 w\u015br\u00f3d ludzi aktywnie dzia\u0142aj\u0105cych w dziedzinie live video. Naszym celem jest zaoferowanie zar\u00f3wno publiczno\u015bci jak i uczestnikom bogatego programu warsztat\u00f3w, prezentacji i performans\u00f3w live video.<\/div>\n<div><\/div>\n<div>Performanse na \u017cywo jak i mo\u017cliwo\u015b\u0107 swobodnego udzia\u0142u w spotkaniu s\u0105 jednymi z najwa\u017cniejszych element\u00f3w meetingu. Ktokolwiek chce w nim uczestniczy\u0107 mo\u017ce si\u0119 zapisa\u0107 i wyst\u0119powa\u0107 ZA DARMO.<\/div>\n<ol>\n<li>Subskrypcja jest darmowa i obejmuje dost\u0119p do wszystkich wydarze\u0144 eventu (za wyj\u0105tkiem p\u0142atnych warsztat\u00f3w), plus drink dziennie.<\/li>\n<li>Ostateczny termin przyjmowania zapis\u00f3w up\u0142ywa z dniem <strong>###performers-deadline###<\/strong>.<\/li>\n<li>LPM to nie festiwal, na kt\u00f3rym kilku artyst\u00f3w zostaje wyselekcjonowanych przez jego organizator\u00f3w. LPM to Meeting, co znaczy, \u017ce pragniemy zach\u0119ci\u0107 ka\u017cdego, kto tylko chce, do wzi\u0119cia w nim udzia\u0142u. Jednak ze wzgl\u0119du na ogromne ilo\u015bc projekt\u00f3w, kt\u00f3re otrzymujemy, nie jeste\u015bmy w stanie pokry\u0107 koszt\u00f3w podr\u00f3\u017cy ka\u017cdego z artyst\u00f3w. W zwi\u0105zku z tym chcieliby\u015bmy przypomnie\u0107, \u017ce koszta podr\u00f3\u017cy s\u0105 w pe\u0142ni pokrywane przez artyst\u00f3w. Nasz zesp\u00f3\u0142 udost\u0119pni wam darmowe zakwaterowanie, jak i jeden posi\u0142ek i nap\u00f3j na ka\u017cdy z czterech dni meetingu.<\/li>\n<li><strong>Z<\/strong><strong>akwaterowanie dla artyst\u00f3w jest dost\u0119pna ###accommodation-period###, w zale\u017cno\u015bci od dost\u0119pno\u015bci w triple \/ czteroosobowe \/ akademiki<\/strong><\/li>\n<li>Rozwi\u0105zania dost\u0119pne w pokojach jedno i dwuosobowych na ###performers-silusso### za osob\u0119 za dzie\u0144.<\/li>\n<li>Przyjaciele i partnerzy artyst\u00f3w moga r\u00f3wnie\u017c zarezerwowac sobie nocleg po dobrej cenie na stronie <a href=\"..\/participate\/?lpm_sub_type=visitors\">Pakiet Specjalny<\/a>.<\/li>\n<li>Z powodu kleszczy czasowo-przestrzennych mo\u017cliwym jest, \u017ce nie wszystkie zg\u0142oszone performanse audio-video zostan\u0105 wybrane: priorytet b\u0119dzie dany tym szczeg\u00f3lnie interesuj\u0105cym.<\/li>\n<li><strong>Przewidziany czas dla ka\u017cdego z performans\u00f3w to maximum 30 minut.<\/strong><\/li>\n<li>Performanse o nadmiernie skomplikowanych technicznych i logistycznych wymogach mog\u0105 finalnie nie zosta\u0107 wybrane do ich prezentacji. <span style=\"text-decoration: underline\">Prosimy o kontakt z nami bezpo\u015brednio na<\/span> subscriptions [at] liveperformersmeeting [dot] netw celu ewentualnej dyskusji na temat podanej propozycji.<\/li>\n<\/ol>\n<p>&nbsp;<\/p>\n<p><\/p>","protected":false},"excerpt":{"rendered":"<p>LPM ma form\u0119 meetingu. \u2028\u2028LPM jest organizowany w przystosowanych na jego potrzeby przestrzeniach, kt\u00f3re umo\u017cliwiaj\u0105 spotkanie i wymian\u0119 do\u015bwiadcze\u0144 w\u015br\u00f3d ludzi aktywnie dzia\u0142aj\u0105cych w dziedzinie live video. Naszym celem jest zaoferowanie zar\u00f3wno publiczno\u015bci jak i uczestnikom bogatego programu warsztat\u00f3w, prezentacji i performans\u00f3w live video. Performanse na \u017cywo jak i mo\u017cliwo\u015b\u0107 swobodnego udzia\u0142u w spotkaniu s\u0105 [&hellip;]<\/p>\n","protected":false},"author":1,"featured_media":0,"parent":150,"menu_order":4,"comment_status":"closed","ping_status":"closed","template":"","meta":[],"post_title":null,"featured":null,"_wp_page_template":null,"_links":{"self":[{"href":"https:\/\/cms.avnode.net\/pl\/wp-json\/wp\/v2\/pages\/54"}],"collection":[{"href":"https:\/\/cms.avnode.net\/pl\/wp-json\/wp\/v2\/pages"}],"about":[{"href":"https:\/\/cms.avnode.net\/pl\/wp-json\/wp\/v2\/types\/page"}],"author":[{"embeddable":true,"href":"https:\/\/cms.avnode.net\/pl\/wp-json\/wp\/v2\/users\/1"}],"replies":[{"embeddable":true,"href":"https:\/\/cms.avnode.net\/pl\/wp-json\/wp\/v2\/comments?post=54"}],"version-history":[{"count":0,"href":"https:\/\/cms.avnode.net\/pl\/wp-json\/wp\/v2\/pages\/54\/revisions"}],"up":[{"embeddable":true,"href":"https:\/\/cms.avnode.net\/pl\/wp-json\/wp\/v2\/pages\/150"}],"wp:attachment":[{"href":"https:\/\/cms.avnode.net\/pl\/wp-json\/wp\/v2\/media?parent=54"}],"curies":[{"name":"wp","href":"https:\/\/api.w.org\/{rel}","templated":true}]}}