	
{"id":547,"date":"2015-01-28T00:06:08","date_gmt":"2015-01-28T00:06:08","guid":{"rendered":"http:\/\/avnode-net.dev.flyer.it\/?page_id=547"},"modified":"2015-01-28T00:06:08","modified_gmt":"2015-01-28T00:06:08","slug":"subscription-dates","status":"publish","type":"page","link":"https:\/\/cms.avnode.net\/pl\/subscriptions-extra-help\/subscription-dates\/","title":{"rendered":"Zakwaterowanie &#8211; daty"},"content":{"rendered":"<p><\/p>\n<p>UWAGA:<br \/>\nDla artyst\u00f3w, kt\u00f3rzy s\u0105 obecni na li\u015bcie b\u0119d\u0105 zagwarantowane:<\/p>\n<ul>\n<li>Badge<\/li>\n<li>Wst\u0119p<\/li>\n<li>Zakwaterowanie (zale\u017cnie od dost\u0119pno\u015bci)<\/li>\n<\/ul>\n<p>Je\u015bli nie wszyscy arty\u015bci s\u0105 wymienieni po lewej stronie, kliknij &#8222;Add member&#8221;, aby doda\u0107 kogo brakuje.<\/p>\n<p><\/p>","protected":false},"excerpt":{"rendered":"<p>UWAGA: Dla artyst\u00f3w, kt\u00f3rzy s\u0105 obecni na li\u015bcie b\u0119d\u0105 zagwarantowane: Badge Wst\u0119p Zakwaterowanie (zale\u017cnie od dost\u0119pno\u015bci) Je\u015bli nie wszyscy arty\u015bci s\u0105 wymienieni po lewej stronie, kliknij &#8222;Add member&#8221;, aby doda\u0107 kogo brakuje.<\/p>\n","protected":false},"author":1,"featured_media":0,"parent":111,"menu_order":20,"comment_status":"closed","ping_status":"closed","template":"","meta":[],"post_title":null,"featured":null,"_wp_page_template":null,"_links":{"self":[{"href":"https:\/\/cms.avnode.net\/pl\/wp-json\/wp\/v2\/pages\/547"}],"collection":[{"href":"https:\/\/cms.avnode.net\/pl\/wp-json\/wp\/v2\/pages"}],"about":[{"href":"https:\/\/cms.avnode.net\/pl\/wp-json\/wp\/v2\/types\/page"}],"author":[{"embeddable":true,"href":"https:\/\/cms.avnode.net\/pl\/wp-json\/wp\/v2\/users\/1"}],"replies":[{"embeddable":true,"href":"https:\/\/cms.avnode.net\/pl\/wp-json\/wp\/v2\/comments?post=547"}],"version-history":[{"count":0,"href":"https:\/\/cms.avnode.net\/pl\/wp-json\/wp\/v2\/pages\/547\/revisions"}],"up":[{"embeddable":true,"href":"https:\/\/cms.avnode.net\/pl\/wp-json\/wp\/v2\/pages\/111"}],"wp:attachment":[{"href":"https:\/\/cms.avnode.net\/pl\/wp-json\/wp\/v2\/media?parent=547"}],"curies":[{"name":"wp","href":"https:\/\/api.w.org\/{rel}","templated":true}]}}