	
{"id":55,"date":"2012-04-27T17:18:30","date_gmt":"2012-04-27T17:18:30","guid":{"rendered":"http:\/\/avnode-net.dev.flyer.it\/?page_id=55"},"modified":"2016-04-14T11:56:51","modified_gmt":"2016-04-14T11:56:51","slug":"artists-terms-conditions","status":"publish","type":"page","link":"https:\/\/cms.avnode.net\/pl\/subscriptions-contents\/artists-terms-conditions\/","title":{"rendered":"ZASADY I WARUNKI SUBSKRYPCJI"},"content":{"rendered":"<p><\/p>\n<p><strong>LPM ma form\u0119 meetingu. \u2028<\/strong><\/p>\n<p> LPM jest organizowany w przystosowanych na jego potrzeby przestrzeniach, kt\u00f3re umo\u017cliwiaj\u0105 spotkanie i wymian\u0119 do\u015bwiadcze\u0144 w\u015br\u00f3d ludzi aktywnie dzia\u0142aj\u0105cych w dziedzinie live video. Naszym celem jest zaoferowanie zar\u00f3wno publiczno\u015bci jak i uczestnikom bogatego programu warsztat\u00f3w, prezentacji i performans\u00f3w live video.<\/p>\n<ol>\n<li>Koszt subskrypcji dla niewyst\u0119puj\u0105cych artyst\u00f3w to ###artists-si### i obejmuje na zakwaterowanie, karnet na wszystkie wydarzenia meetingu ( za wyj\u0105tkiem p\u0142atnych warsztat\u00f3w), jeden posi\u0142ek i nap\u00f3j na dzie\u0144 oraz imi\u0119\/pseudonim artystyczny wymienione w oficjalnym programie LPM w kategorii &#8222;Obecni na LPM&#8221;.<\/li>\n<li>Termin subskrypcji up\u0142ywa <strong>###artists-deadline###<\/strong>.<\/li>\n<li>LPM to nie festiwal, na kt\u00f3rym kilku artyst\u00f3w zostaje wyselekcjonowanych przez jego organizator\u00f3w. LPM to Meeting, co znaczy, \u017ce pragniemy zach\u0119ci\u0107 ka\u017cdego, kto tylko chce, do wzi\u0119cia w nim udzia\u0142u. Jednak ze wzgl\u0119du na ogromne ilo\u015bc projekt\u00f3w, kt\u00f3re otrzymujemy, nie jeste\u015bmy w stanie pokry\u0107 koszt\u00f3w podr\u00f3\u017cy ka\u017cdego z artyst\u00f3w. W zwi\u0105zku z tym chcieliby\u015bmy przypomnie\u0107, \u017ce koszta podr\u00f3\u017cy s\u0105 w pe\u0142ni pokrywane przez artyst\u00f3w. Nasz zesp\u00f3\u0142 udost\u0119pni wam darmowe zakwaterowanie, jak i jeden posi\u0142ek i nap\u00f3j na ka\u017cdy z czterech dni meetingu.<\/li>\n<li><strong>Zakwaterowanie dla innych artyst\u00f3w jest dost\u0119pna od ###accommodation-period###, w zale\u017cno\u015bci od dost\u0119pno\u015bci w triple \/ czteroosobowe \/ akademiki.<\/strong><\/li>\n<li>Rozwi\u0105zania dost\u0119pne w pokojach jedno i dwuosobowych na ###artists-silusso### za osob\u0119 za dzie\u0144.<\/li>\n<li>Przyjaciele i partnerzy artyst\u00f3w moga r\u00f3wnie\u017c zarezerwowac sobie nocleg po dobrej cenie na stronie <a href=\"..\/participate\/?lpm_sub_type=visitors\">Pakiet Specjalny<\/a>.<\/li>\n<\/ol>\n<p><\/p>","protected":false},"excerpt":{"rendered":"<p>LPM ma form\u0119 meetingu. \u2028 LPM jest organizowany w przystosowanych na jego potrzeby przestrzeniach, kt\u00f3re umo\u017cliwiaj\u0105 spotkanie i wymian\u0119 do\u015bwiadcze\u0144 w\u015br\u00f3d ludzi aktywnie dzia\u0142aj\u0105cych w dziedzinie live video. Naszym celem jest zaoferowanie zar\u00f3wno publiczno\u015bci jak i uczestnikom bogatego programu warsztat\u00f3w, prezentacji i performans\u00f3w live video. Koszt subskrypcji dla niewyst\u0119puj\u0105cych artyst\u00f3w to ###artists-si### i obejmuje na [&hellip;]<\/p>\n","protected":false},"author":1,"featured_media":0,"parent":150,"menu_order":6,"comment_status":"closed","ping_status":"closed","template":"","meta":[],"post_title":null,"featured":null,"_wp_page_template":null,"_links":{"self":[{"href":"https:\/\/cms.avnode.net\/pl\/wp-json\/wp\/v2\/pages\/55"}],"collection":[{"href":"https:\/\/cms.avnode.net\/pl\/wp-json\/wp\/v2\/pages"}],"about":[{"href":"https:\/\/cms.avnode.net\/pl\/wp-json\/wp\/v2\/types\/page"}],"author":[{"embeddable":true,"href":"https:\/\/cms.avnode.net\/pl\/wp-json\/wp\/v2\/users\/1"}],"replies":[{"embeddable":true,"href":"https:\/\/cms.avnode.net\/pl\/wp-json\/wp\/v2\/comments?post=55"}],"version-history":[{"count":0,"href":"https:\/\/cms.avnode.net\/pl\/wp-json\/wp\/v2\/pages\/55\/revisions"}],"up":[{"embeddable":true,"href":"https:\/\/cms.avnode.net\/pl\/wp-json\/wp\/v2\/pages\/150"}],"wp:attachment":[{"href":"https:\/\/cms.avnode.net\/pl\/wp-json\/wp\/v2\/media?parent=55"}],"curies":[{"name":"wp","href":"https:\/\/api.w.org\/{rel}","templated":true}]}}