	
{"id":56,"date":"2012-04-27T17:18:30","date_gmt":"2012-04-27T17:18:30","guid":{"rendered":"http:\/\/avnode-net.dev.flyer.it\/?page_id=56"},"modified":"2012-09-28T11:53:15","modified_gmt":"2012-09-28T11:53:15","slug":"visitors-terms-conditions","status":"publish","type":"page","link":"https:\/\/cms.avnode.net\/pl\/subscriptions-contents\/visitors-terms-conditions\/","title":{"rendered":"ZASADY I WARUNKI SUBSKRYPCJI"},"content":{"rendered":"<p><\/p>\n<div><strong>LPM ma form\u0119 meetingu. \u2028\u2028<\/strong><\/div>\n<div><\/div>\n<div>LPM jest organizowany w przystosowanych na jego potrzeby przestrzeniach, kt\u00f3re umo\u017cliwiaj\u0105 spotkanie i wymian\u0119 do\u015bwiadcze\u0144 w\u015br\u00f3d ludzi aktywnie dzia\u0142aj\u0105cych w dziedzinie live video. Naszym celem jest zaoferowanie zar\u00f3wno publiczno\u015bci jak i uczestnikom bogatego programu warsztat\u00f3w, prezentacji i performans\u00f3w live video.<\/div>\n<ol>\n<li>Koszt pakietu specjalnego dla go\u015bci to ###visitors-silusso### i obejmuje koszt i obejmuje 25 % zni\u017cki na zakwaterowanie, dzienny bilet wst\u0119pu na wszystkie wydarzenia meetingu ( za wyj\u0105tkiem p\u0142atnych warsztat\u00f3w).<\/li>\n<li>Oferta ta jest dost\u0119pna do <strong>###visitors-deadline###<\/strong><\/li>\n<li>Zakwaterowanie jest dost\u0119pne od ###accommodation-period###, zni\u017cka na koszt pokoju jest dost\u0119pna na zasadzie priorytetu pierwszych zg\u0142osze\u0144.<\/li>\n<\/ol>\n<p><\/p>","protected":false},"excerpt":{"rendered":"<p>LPM ma form\u0119 meetingu. \u2028\u2028 LPM jest organizowany w przystosowanych na jego potrzeby przestrzeniach, kt\u00f3re umo\u017cliwiaj\u0105 spotkanie i wymian\u0119 do\u015bwiadcze\u0144 w\u015br\u00f3d ludzi aktywnie dzia\u0142aj\u0105cych w dziedzinie live video. Naszym celem jest zaoferowanie zar\u00f3wno publiczno\u015bci jak i uczestnikom bogatego programu warsztat\u00f3w, prezentacji i performans\u00f3w live video. Koszt pakietu specjalnego dla go\u015bci to ###visitors-silusso### i obejmuje koszt [&hellip;]<\/p>\n","protected":false},"author":1,"featured_media":0,"parent":150,"menu_order":6,"comment_status":"closed","ping_status":"closed","template":"","meta":[],"post_title":null,"featured":null,"_wp_page_template":null,"_links":{"self":[{"href":"https:\/\/cms.avnode.net\/pl\/wp-json\/wp\/v2\/pages\/56"}],"collection":[{"href":"https:\/\/cms.avnode.net\/pl\/wp-json\/wp\/v2\/pages"}],"about":[{"href":"https:\/\/cms.avnode.net\/pl\/wp-json\/wp\/v2\/types\/page"}],"author":[{"embeddable":true,"href":"https:\/\/cms.avnode.net\/pl\/wp-json\/wp\/v2\/users\/1"}],"replies":[{"embeddable":true,"href":"https:\/\/cms.avnode.net\/pl\/wp-json\/wp\/v2\/comments?post=56"}],"version-history":[{"count":0,"href":"https:\/\/cms.avnode.net\/pl\/wp-json\/wp\/v2\/pages\/56\/revisions"}],"up":[{"embeddable":true,"href":"https:\/\/cms.avnode.net\/pl\/wp-json\/wp\/v2\/pages\/150"}],"wp:attachment":[{"href":"https:\/\/cms.avnode.net\/pl\/wp-json\/wp\/v2\/media?parent=56"}],"curies":[{"name":"wp","href":"https:\/\/api.w.org\/{rel}","templated":true}]}}