	
{"id":608,"date":"2018-09-05T23:06:24","date_gmt":"2018-09-05T23:06:24","guid":{"rendered":"https:\/\/cms.avnode.net\/?page_id=608"},"modified":"2025-07-03T10:43:00","modified_gmt":"2025-07-03T10:43:00","slug":"privacy-policy","status":"publish","type":"page","link":"https:\/\/cms.avnode.net\/pl\/privacy-policy\/","title":{"rendered":"Privacy Policy"},"content":{"rendered":"<p class=\"qtranxs-available-languages-message qtranxs-available-languages-message-pl\">Przepraszamy, ten wpis jest dost\u0119pny tylko w j\u0119zyku <a href=\"https:\/\/cms.avnode.net\/en\/wp-json\/wp\/v2\/pages\/608\" class=\"qtranxs-available-language-link qtranxs-available-language-link-en\" title=\"English\">Ameryka\u0144ski Angielski<\/a> i <a href=\"https:\/\/cms.avnode.net\/it\/wp-json\/wp\/v2\/pages\/608\" class=\"qtranxs-available-language-link qtranxs-available-language-link-it\" title=\"Italiano\">W\u0142oski<\/a>.<\/p>","protected":false},"excerpt":{"rendered":"<p>Przepraszamy, ten wpis jest dost\u0119pny tylko w j\u0119zyku Ameryka\u0144ski Angielski i W\u0142oski.<\/p>\n","protected":false},"author":1,"featured_media":601,"parent":0,"menu_order":0,"comment_status":"closed","ping_status":"closed","template":"","meta":[],"post_title":null,"featured":null,"_wp_page_template":null,"_links":{"self":[{"href":"https:\/\/cms.avnode.net\/pl\/wp-json\/wp\/v2\/pages\/608"}],"collection":[{"href":"https:\/\/cms.avnode.net\/pl\/wp-json\/wp\/v2\/pages"}],"about":[{"href":"https:\/\/cms.avnode.net\/pl\/wp-json\/wp\/v2\/types\/page"}],"author":[{"embeddable":true,"href":"https:\/\/cms.avnode.net\/pl\/wp-json\/wp\/v2\/users\/1"}],"replies":[{"embeddable":true,"href":"https:\/\/cms.avnode.net\/pl\/wp-json\/wp\/v2\/comments?post=608"}],"version-history":[{"count":3,"href":"https:\/\/cms.avnode.net\/pl\/wp-json\/wp\/v2\/pages\/608\/revisions"}],"predecessor-version":[{"id":641,"href":"https:\/\/cms.avnode.net\/pl\/wp-json\/wp\/v2\/pages\/608\/revisions\/641"}],"wp:featuredmedia":[{"embeddable":true,"href":"https:\/\/cms.avnode.net\/pl\/wp-json\/wp\/v2\/media\/601"}],"wp:attachment":[{"href":"https:\/\/cms.avnode.net\/pl\/wp-json\/wp\/v2\/media?parent=608"}],"curies":[{"name":"wp","href":"https:\/\/api.w.org\/{rel}","templated":true}]}}