	
{"id":628,"date":"2025-03-28T17:26:03","date_gmt":"2025-03-28T17:26:03","guid":{"rendered":"https:\/\/cms.avnode.net\/?page_id=628"},"modified":"2025-06-20T10:40:41","modified_gmt":"2025-06-20T10:40:41","slug":"model-231","status":"publish","type":"page","link":"https:\/\/cms.avnode.net\/pl\/model-231\/","title":{"rendered":"(English) Model 231"},"content":{"rendered":"<p class=\"qtranxs-available-languages-message qtranxs-available-languages-message-pl\">Przepraszamy, ten wpis jest dost\u0119pny tylko w j\u0119zyku <a href=\"https:\/\/cms.avnode.net\/en\/wp-json\/wp\/v2\/pages\/628\" class=\"qtranxs-available-language-link qtranxs-available-language-link-en\" title=\"English\">Ameryka\u0144ski Angielski<\/a> i <a href=\"https:\/\/cms.avnode.net\/it\/wp-json\/wp\/v2\/pages\/628\" class=\"qtranxs-available-language-link qtranxs-available-language-link-it\" title=\"Italiano\">W\u0142oski<\/a>.<\/p>","protected":false},"excerpt":{"rendered":"<p>Przepraszamy, ten wpis jest dost\u0119pny tylko w j\u0119zyku Ameryka\u0144ski Angielski i W\u0142oski.<\/p>\n","protected":false},"author":1,"featured_media":602,"parent":0,"menu_order":0,"comment_status":"closed","ping_status":"closed","template":"","meta":[],"post_title":null,"featured":null,"_wp_page_template":null,"_links":{"self":[{"href":"https:\/\/cms.avnode.net\/pl\/wp-json\/wp\/v2\/pages\/628"}],"collection":[{"href":"https:\/\/cms.avnode.net\/pl\/wp-json\/wp\/v2\/pages"}],"about":[{"href":"https:\/\/cms.avnode.net\/pl\/wp-json\/wp\/v2\/types\/page"}],"author":[{"embeddable":true,"href":"https:\/\/cms.avnode.net\/pl\/wp-json\/wp\/v2\/users\/1"}],"replies":[{"embeddable":true,"href":"https:\/\/cms.avnode.net\/pl\/wp-json\/wp\/v2\/comments?post=628"}],"version-history":[{"count":3,"href":"https:\/\/cms.avnode.net\/pl\/wp-json\/wp\/v2\/pages\/628\/revisions"}],"predecessor-version":[{"id":639,"href":"https:\/\/cms.avnode.net\/pl\/wp-json\/wp\/v2\/pages\/628\/revisions\/639"}],"wp:featuredmedia":[{"embeddable":true,"href":"https:\/\/cms.avnode.net\/pl\/wp-json\/wp\/v2\/media\/602"}],"wp:attachment":[{"href":"https:\/\/cms.avnode.net\/pl\/wp-json\/wp\/v2\/media?parent=628"}],"curies":[{"name":"wp","href":"https:\/\/api.w.org\/{rel}","templated":true}]}}